{"id":138,"date":"2026-01-19T13:57:17","date_gmt":"2026-01-19T13:57:17","guid":{"rendered":"http:\/\/onebase.de\/?page_id=138"},"modified":"2026-01-30T15:34:25","modified_gmt":"2026-01-30T15:34:25","slug":"datenschutz","status":"publish","type":"page","link":"https:\/\/onebase.de\/en\/datenschutz\/","title":{"rendered":"Privacy Policy"},"content":{"rendered":"<p><strong>General notice and mandatory information<\/strong><\/p>\n\n\n\n<p><strong>Name of the responsible body<\/strong><\/p>\n\n\n\n<p>The responsible body for data processing on this website is:<\/p>\n\n\n\n<p class=\"translation-block\">ONEBASE GmbH<br>Klaus Fischer<\/p>\n\n\n\n<p>Bl\u00fccherplatz 15-27<br>52068&nbsp;Aachen<\/p>\n\n\n\n<p>The responsible body decides alone or jointly with others on the purposes and means of processing personal data (e.g., names, contact details, etc.).<\/p>\n\n\n\n<p><strong>Withdrawal of your consent to data processing<\/strong><\/p>\n\n\n\n<p>Some data processing operations are only possible with your express consent. You may revoke your consent at any time. To revoke your consent, simply send us an informal email. The legality of the data processing carried out up to the point of revocation remains unaffected by the revocation.<\/p>\n\n\n\n<p><strong>Right to lodge a complaint with the competent supervisory authority<\/strong><\/p>\n\n\n\n<p class=\"translation-block\">As a data subject, you have the right to lodge a complaint with the competent supervisory authority in the event of a breach of data protection law. The competent supervisory authority for data protection issues is the state data protection officer of the federal state in which our company is based. The following link provides a list of data protection officers and their contact details: <a href=\"https:\/\/www.bfdi.bund.de\/DE\/Infothek\/Anschriften_Links\/anschriften_links-node.html\" target=\"_blank\" rel=\"noreferrer noopener\">https:\/\/www.bfdi.bund.de\/DE\/Infothek\/Anschriften_Links\/anschriften_links-node.html<\/a>.<\/p>\n\n\n\n<p><strong>Right to data portability<\/strong><\/p>\n\n\n\n<p>You have the right to have data that we process automatically on the basis of your consent or in fulfillment of a contract handed over to you or to third parties. The data will be provided in a machine-readable format. If you request the direct transfer of the data to another controller, this will only be done if it is technically feasible.<\/p>\n\n\n\n<p><strong>Right to information, correction, blocking, deletion<\/strong><\/p>\n\n\n\n<p>Within the framework of the applicable legal provisions, you have the right to obtain information free of charge at any time about your stored personal data, the origin of the data, its recipients, and the purpose of data processing, and, if applicable, a right to correct, block, or delete this data. In this regard, and also for further questions on the subject of personal data, you can contact us at any time using the contact options listed in the legal notice.<\/p>\n\n\n\n<p><strong>SSL or TLS encryption<\/strong><\/p>\n\n\n\n<p>For security reasons and to protect the transmission of confidential content that you send to us as the site operator, our website uses SSL or TLS encryption. This means that data you transmit via this website cannot be read by third parties. You can recognize an encrypted connection by the \u201chttps:\/\/\u201d address line in your browser and the lock symbol in the browser line.<\/p>\n\n\n\n<p><strong>Contact form<\/strong><\/p>\n\n\n\n<p>Data transmitted via the contact form, including your contact details, will be stored so that we can process your request or be available for follow-up questions. This data will not be passed on without your consent.<\/p>\n\n\n\n<p>The data entered in the contact form will be processed exclusively on the basis of your consent (Art. 6 para. 1 lit. a GDPR). You can revoke your consent at any time. An informal notification by email is sufficient for revocation. The legality of the data processing operations carried out until revocation remains unaffected by the revocation.<\/p>\n\n\n\n<p>Data transmitted via the contact form will remain with us until you request us to delete it, revoke your consent to its storage, or there is no longer any need for data storage. Mandatory legal provisions\u2014in particular retention periods\u2014remain unaffected.<\/p>\n\n\n\n<p><strong>Cookies<\/strong><\/p>\n\n\n\n<p>Our website uses cookies. These are small text files that your web browser stores on your device. Cookies help us to make our website more user-friendly, effective, and secure.<\/p>\n\n\n\n<p>Zur Verwaltung der eingesetzten Cookies und \u00e4hnlichen Technologien (Tracking-Pixel, Web-Beacons etc.) und diesbez\u00fcglicher Einwilligungen setzen wir das Consent Tool &#8222;Real Cookie Banner&#8220; ein. Details zur Funktionsweise von &#8222;Real Cookie Banner&#8220; finden Sie <a href=\"https:\/\/devowl.io\/de\/rcb\/datenverarbeitung\" type=\"link\" id=\"https:\/\/devowl.io\/de\/rcb\/datenverarbeitung\">hier<\/a>.<\/p>\n\n\n\n<p>The legal basis for the processing of personal data in this context is Art. 6 (1) (c) GDPR and Art. 6 (1) (f) GDPR. Our legitimate interest is the management of the cookies and similar technologies used and the related consents.<\/p>\n\n\n\n<p>The provision of personal data is neither contractually required nor necessary for the conclusion of a contract. You are not obliged to provide personal data. If you do not provide personal data, we cannot manage your consents.<\/p>\n\n\n\n<p><strong>Google Analytics<\/strong><\/p>\n\n\n\n<p>Our website uses functions of the web analytics service Google Analytics. The provider of the web analytics service is Google Inc., 1600 Amphitheatre Parkway, Mountain View, CA 94043, USA.<\/p>\n\n\n\n<p>Google Analytics verwendet &#8222;Cookies.&#8220; Das sind kleine Textdateien, die Ihr Webbrowser auf Ihrem Endger\u00e4t speichert und eine Analyse der Website-Benutzung erm\u00f6glichen. Mittels Cookie erzeugte Informationen \u00fcber Ihre Benutzung unserer Website werden an einen Server von Google \u00fcbermittelt und dort gespeichert. Server-Standort ist im Regelfall die USA.<\/p>\n\n\n\n<p>Google Analytics cookies are set on the basis of Art. 6 (1) lit. f GDPR. As the operator of this website, we have a legitimate interest in analyzing user behavior in order to optimize our website and, where applicable, our advertising.<\/p>\n\n\n\n<p>IP anonymization<\/p>\n\n\n\n<p>We use Google Analytics in conjunction with the IP anonymization feature. This ensures that Google truncates your IP address within member states of the European Union or in other signatory states to the Agreement on the European Economic Area before transmitting it to the US. There may be exceptional cases in which Google transmits the full IP address to a server in the US and truncates it there. On our behalf, Google will use this information to evaluate your use of the website, to compile reports on website activity, and to provide us with other services related to website activity and internet usage. The IP address transmitted by Google Analytics will not be merged with other Google data.<\/p>\n\n\n\n<p>Browser Plugin<\/p>\n\n\n\n<p class=\"translation-block\">You can prevent your web browser from setting cookies. However, this may restrict some of the functions of our website. You can also prevent Google from collecting data relating to your website usage, including your IP address, and subsequently processing this data. This can be done by downloading and installing the browser plugin available at the following link: <a href=\"https:\/\/tools.google.com\/dlpage\/gaoptout?hl=de\" target=\"_self\">https:\/\/tools.google.com\/dlpage\/gaoptout?hl=de<\/a>.<\/p>\n\n\n\n<p>Objection to data collection<\/p>\n\n\n\n<p>You can prevent Google Analytics from collecting your data by clicking on the following link. An opt-out cookie will be set to prevent your data from being collected on future visits to our website: Disable Google Analytics.<\/p>\n\n\n\n<p>Details on how Google Analytics handles user data can be found in Google's privacy policy:&nbsp;<a href=\"https:\/\/support.google.com\/analytics\/answer\/6004245?hl=de\">https:\/\/support.google.com\/analytics\/answer\/6004245?hl=de<\/a>.<\/p>\n\n\n\n<p>Order processing<\/p>\n\n\n\n<p>In order to fully comply with legal data protection requirements, we have entered into a contract with Google for order processing.<\/p>\n\n\n\n<p>Demographic characteristics in Google Analytics<\/p>\n\n\n\n<p>Our website uses the \u201cdemographic characteristics\u201d feature of Google Analytics. This feature allows us to generate reports that contain information about the age, gender, and interests of website visitors. This data comes from interest-based advertising by Google and visitor data from third-party providers. It is not possible to assign the data to a specific person. You can deactivate this function at any time. This can be done via the ad settings in your Google account or by generally prohibiting the collection of your data by Google Analytics, as explained in the section \u201cObjection to data collection.\u201d<\/p>\n\n\n\n<p><strong>Google Web Fonts<\/strong><\/p>\n\n\n\n<p>Our website uses web fonts from Google. The provider is Google Inc., 1600 Amphitheatre Parkway, Mountain View, CA 94043, USA.<\/p>\n\n\n\n<p>The use of these web fonts enables us to present our website to you in the way we want, regardless of which fonts are available locally. This is done by retrieving the Google web fonts from a Google server in the USA and the associated transfer of your data to Google. This includes your IP address and which page you visited on our website. The use of Google web fonts is based on Art. 6 (1) lit. f GDPR. As the operator of this website, we have a legitimate interest in the optimal display and transmission of our website.<\/p>\n\n\n\n<p>Google is certified under the US-European data protection agreement known as the Privacy Shield. This data protection agreement is designed to ensure compliance with the level of data protection applicable in the EU.<\/p>\n\n\n\n<p class=\"translation-block\">Details about Google Web Fonts can be found at: https:\/\/www.google.com\/fonts#AboutPlace:about and further information in Google's privacy policy: https:\/\/policies.google.com\/privacy\/partners?hl=de+<\/p>\n\n\n\n<p class=\"translation-block\">Source: Data protection configurator from mein-datenschutzbeauftragter.de<\/p>","protected":false},"excerpt":{"rendered":"<p>Allgemeiner Hinweis und Pflichtinformationen Benennung der verantwortlichen Stelle Die verantwortliche Stelle f\u00fcr die Datenverarbeitung auf dieser Website ist: ONEBASE GmbHKlaus Fischer Bl\u00fccherplatz 15-2752068&nbsp;Aachen Die verantwortliche Stelle entscheidet allein oder gemeinsam mit anderen \u00fcber die Zwecke und Mittel der Verarbeitung von personenbezogenen Daten (z.B. Namen, Kontaktdaten o. \u00c4.). Widerruf Ihrer Einwilligung zur Datenverarbeitung Nur mit Ihrer&#8230;<\/p>","protected":false},"author":1,"featured_media":0,"parent":0,"menu_order":0,"comment_status":"closed","ping_status":"closed","template":"","meta":{"footnotes":""},"class_list":["post-138","page","type-page","status-publish","hentry"],"yoast_head":"<!-- This site is optimized with the Yoast SEO plugin v27.3 - https:\/\/yoast.com\/product\/yoast-seo-wordpress\/ -->\n<title>Datenschutz | ONEBASE Automotive \u2013 Sicherer Umgang mit Ihren Daten<\/title>\n<meta name=\"description\" content=\"Informationen zum Datenschutz bei ONEBASE Automotive. Erfahren Sie, wie wir Ihre Daten bei Prozessoptimierung und Interim Management Projekten sch\u00fctzen.\" \/>\n<meta name=\"robots\" content=\"index, follow, max-snippet:-1, max-image-preview:large, max-video-preview:-1\" \/>\n<link rel=\"canonical\" href=\"https:\/\/onebase.de\/en\/datenschutz\/\" \/>\n<meta property=\"og:locale\" content=\"en_US\" \/>\n<meta property=\"og:type\" content=\"article\" \/>\n<meta property=\"og:title\" content=\"Datenschutz | ONEBASE Automotive \u2013 Sicherer Umgang mit Ihren Daten\" \/>\n<meta property=\"og:description\" content=\"Informationen zum Datenschutz bei ONEBASE Automotive. Erfahren Sie, wie wir Ihre Daten bei Prozessoptimierung und Interim Management Projekten sch\u00fctzen.\" \/>\n<meta property=\"og:url\" content=\"https:\/\/onebase.de\/en\/datenschutz\/\" \/>\n<meta property=\"article:modified_time\" content=\"2026-01-30T15:34:25+00:00\" \/>\n<meta name=\"twitter:card\" content=\"summary_large_image\" \/>\n<script type=\"application\/ld+json\" class=\"yoast-schema-graph\">{\"@context\":\"https:\\\/\\\/schema.org\",\"@graph\":[{\"@type\":\"WebPage\",\"@id\":\"https:\\\/\\\/onebase.de\\\/datenschutz\\\/\",\"url\":\"https:\\\/\\\/onebase.de\\\/datenschutz\\\/\",\"name\":\"Datenschutz | ONEBASE Automotive \u2013 Sicherer Umgang mit Ihren Daten\",\"isPartOf\":{\"@id\":\"https:\\\/\\\/onebase.de\\\/#website\"},\"datePublished\":\"2026-01-19T13:57:17+00:00\",\"dateModified\":\"2026-01-30T15:34:25+00:00\",\"description\":\"Informationen zum Datenschutz bei ONEBASE Automotive. Erfahren Sie, wie wir Ihre Daten bei Prozessoptimierung und Interim Management Projekten sch\u00fctzen.\",\"breadcrumb\":{\"@id\":\"https:\\\/\\\/onebase.de\\\/datenschutz\\\/#breadcrumb\"},\"inLanguage\":\"en-US\",\"potentialAction\":[{\"@type\":\"ReadAction\",\"target\":[\"https:\\\/\\\/onebase.de\\\/datenschutz\\\/\"]}]},{\"@type\":\"BreadcrumbList\",\"@id\":\"https:\\\/\\\/onebase.de\\\/datenschutz\\\/#breadcrumb\",\"itemListElement\":[{\"@type\":\"ListItem\",\"position\":1,\"name\":\"Start\",\"item\":\"https:\\\/\\\/onebase.de\\\/\"},{\"@type\":\"ListItem\",\"position\":2,\"name\":\"Datenschutzerkl\u00e4rung\"}]},{\"@type\":\"WebSite\",\"@id\":\"https:\\\/\\\/onebase.de\\\/#website\",\"url\":\"https:\\\/\\\/onebase.de\\\/\",\"name\":\"Onebase\",\"description\":\"Produktionsoptimierung\",\"publisher\":{\"@id\":\"https:\\\/\\\/onebase.de\\\/#organization\"},\"potentialAction\":[{\"@type\":\"SearchAction\",\"target\":{\"@type\":\"EntryPoint\",\"urlTemplate\":\"https:\\\/\\\/onebase.de\\\/?s={search_term_string}\"},\"query-input\":{\"@type\":\"PropertyValueSpecification\",\"valueRequired\":true,\"valueName\":\"search_term_string\"}}],\"inLanguage\":\"en-US\"},{\"@type\":\"Organization\",\"@id\":\"https:\\\/\\\/onebase.de\\\/#organization\",\"name\":\"Onebase GmbH\",\"url\":\"https:\\\/\\\/onebase.de\\\/\",\"logo\":{\"@type\":\"ImageObject\",\"inLanguage\":\"en-US\",\"@id\":\"https:\\\/\\\/onebase.de\\\/#\\\/schema\\\/logo\\\/image\\\/\",\"url\":\"http:\\\/\\\/onebase.de\\\/wp-content\\\/uploads\\\/2026\\\/01\\\/Onebase-e1768828419995.png\",\"contentUrl\":\"http:\\\/\\\/onebase.de\\\/wp-content\\\/uploads\\\/2026\\\/01\\\/Onebase-e1768828419995.png\",\"width\":500,\"height\":121,\"caption\":\"Onebase GmbH\"},\"image\":{\"@id\":\"https:\\\/\\\/onebase.de\\\/#\\\/schema\\\/logo\\\/image\\\/\"}}]}<\/script>\n<!-- \/ Yoast SEO plugin. -->","yoast_head_json":{"title":"Datenschutz | ONEBASE Automotive \u2013 Sicherer Umgang mit Ihren Daten","description":"Informationen zum Datenschutz bei ONEBASE Automotive. Erfahren Sie, wie wir Ihre Daten bei Prozessoptimierung und Interim Management Projekten sch\u00fctzen.","robots":{"index":"index","follow":"follow","max-snippet":"max-snippet:-1","max-image-preview":"max-image-preview:large","max-video-preview":"max-video-preview:-1"},"canonical":"https:\/\/onebase.de\/en\/datenschutz\/","og_locale":"en_US","og_type":"article","og_title":"Datenschutz | ONEBASE Automotive \u2013 Sicherer Umgang mit Ihren Daten","og_description":"Informationen zum Datenschutz bei ONEBASE Automotive. Erfahren Sie, wie wir Ihre Daten bei Prozessoptimierung und Interim Management Projekten sch\u00fctzen.","og_url":"https:\/\/onebase.de\/en\/datenschutz\/","article_modified_time":"2026-01-30T15:34:25+00:00","twitter_card":"summary_large_image","schema":{"@context":"https:\/\/schema.org","@graph":[{"@type":"WebPage","@id":"https:\/\/onebase.de\/datenschutz\/","url":"https:\/\/onebase.de\/datenschutz\/","name":"Datenschutz | ONEBASE Automotive \u2013 Sicherer Umgang mit Ihren Daten","isPartOf":{"@id":"https:\/\/onebase.de\/#website"},"datePublished":"2026-01-19T13:57:17+00:00","dateModified":"2026-01-30T15:34:25+00:00","description":"Informationen zum Datenschutz bei ONEBASE Automotive. Erfahren Sie, wie wir Ihre Daten bei Prozessoptimierung und Interim Management Projekten sch\u00fctzen.","breadcrumb":{"@id":"https:\/\/onebase.de\/datenschutz\/#breadcrumb"},"inLanguage":"en-US","potentialAction":[{"@type":"ReadAction","target":["https:\/\/onebase.de\/datenschutz\/"]}]},{"@type":"BreadcrumbList","@id":"https:\/\/onebase.de\/datenschutz\/#breadcrumb","itemListElement":[{"@type":"ListItem","position":1,"name":"Start","item":"https:\/\/onebase.de\/"},{"@type":"ListItem","position":2,"name":"Datenschutzerkl\u00e4rung"}]},{"@type":"WebSite","@id":"https:\/\/onebase.de\/#website","url":"https:\/\/onebase.de\/","name":"Onebase","description":"Produktionsoptimierung","publisher":{"@id":"https:\/\/onebase.de\/#organization"},"potentialAction":[{"@type":"SearchAction","target":{"@type":"EntryPoint","urlTemplate":"https:\/\/onebase.de\/?s={search_term_string}"},"query-input":{"@type":"PropertyValueSpecification","valueRequired":true,"valueName":"search_term_string"}}],"inLanguage":"en-US"},{"@type":"Organization","@id":"https:\/\/onebase.de\/#organization","name":"Onebase GmbH","url":"https:\/\/onebase.de\/","logo":{"@type":"ImageObject","inLanguage":"en-US","@id":"https:\/\/onebase.de\/#\/schema\/logo\/image\/","url":"http:\/\/onebase.de\/wp-content\/uploads\/2026\/01\/Onebase-e1768828419995.png","contentUrl":"http:\/\/onebase.de\/wp-content\/uploads\/2026\/01\/Onebase-e1768828419995.png","width":500,"height":121,"caption":"Onebase GmbH"},"image":{"@id":"https:\/\/onebase.de\/#\/schema\/logo\/image\/"}}]}},"_links":{"self":[{"href":"https:\/\/onebase.de\/en\/wp-json\/wp\/v2\/pages\/138","targetHints":{"allow":["GET"]}}],"collection":[{"href":"https:\/\/onebase.de\/en\/wp-json\/wp\/v2\/pages"}],"about":[{"href":"https:\/\/onebase.de\/en\/wp-json\/wp\/v2\/types\/page"}],"author":[{"embeddable":true,"href":"https:\/\/onebase.de\/en\/wp-json\/wp\/v2\/users\/1"}],"replies":[{"embeddable":true,"href":"https:\/\/onebase.de\/en\/wp-json\/wp\/v2\/comments?post=138"}],"version-history":[{"count":4,"href":"https:\/\/onebase.de\/en\/wp-json\/wp\/v2\/pages\/138\/revisions"}],"predecessor-version":[{"id":337,"href":"https:\/\/onebase.de\/en\/wp-json\/wp\/v2\/pages\/138\/revisions\/337"}],"wp:attachment":[{"href":"https:\/\/onebase.de\/en\/wp-json\/wp\/v2\/media?parent=138"}],"curies":[{"name":"wp","href":"https:\/\/api.w.org\/{rel}","templated":true}]}}