{"id":38,"date":"2026-01-19T13:10:37","date_gmt":"2026-01-19T13:10:37","guid":{"rendered":"http:\/\/onebase.de\/?page_id=38"},"modified":"2026-02-19T15:58:18","modified_gmt":"2026-02-19T15:58:18","slug":"kontakt","status":"publish","type":"page","link":"https:\/\/onebase.de\/en\/kontakt\/","title":{"rendered":"Contact"},"content":{"rendered":"<div class=\"wp-block-columns is-layout-flex wp-container-core-columns-is-layout-28f84493 wp-block-columns-is-layout-flex\">\n<div class=\"wp-block-column is-layout-flow wp-block-column-is-layout-flow\">\n<h2 class=\"wp-block-heading has-small-font-size\">Your direct line to operational excellence<\/h2>\n\n\n\n<p>Whether it's a crisis scenario, task force, or interim management, we support OEMs and suppliers with over 20 years of industry experience. Let's discuss how we can ensure your delivery capability and process quality.<\/p>\n\n\n\n<p class=\"translation-block\">Feel free to contact us by email,<br>using the contact form<br>or call us directly.<br><br><strong>EMAIL<\/strong><br><a href=\"mailto:info@onebase.de\" target=\"_blank\" rel=\"noreferrer noopener\">info@onebase.de<\/a><\/p>\n\n\n\n<p><strong>PHONE<\/strong><br><a href=\"tel:4924191607012\">+49 241 9160 7012<\/a><\/p>\n<\/div>\n\n\n\n<div class=\"wp-block-column is-layout-flow wp-block-column-is-layout-flow\">\n<div class=\"wp-block-contact-form-7-contact-form-selector\">\n<div class=\"wpcf7 no-js\" id=\"wpcf7-f53-o1\" lang=\"de-DE\" dir=\"ltr\" data-wpcf7-id=\"53\">\n<div class=\"screen-reader-response\"><p role=\"status\" aria-live=\"polite\" aria-atomic=\"true\"><\/p> <ul><\/ul><\/div>\n<form action=\"\/en\/wp-json\/wp\/v2\/pages\/38#wpcf7-f53-o1\" method=\"post\" class=\"wpcf7-form init\" aria-label=\"Contact form\" novalidate=\"novalidate\" data-status=\"init\" data-trp-original-action=\"\/en\/wp-json\/wp\/v2\/pages\/38#wpcf7-f53-o1\">\n<fieldset class=\"hidden-fields-container\"><input type=\"hidden\" name=\"_wpcf7\" value=\"53\" \/><input type=\"hidden\" name=\"_wpcf7_version\" value=\"6.1.5\" \/><input type=\"hidden\" name=\"_wpcf7_locale\" value=\"de_DE\" \/><input type=\"hidden\" name=\"_wpcf7_unit_tag\" value=\"wpcf7-f53-o1\" \/><input type=\"hidden\" name=\"_wpcf7_container_post\" value=\"0\" \/><input type=\"hidden\" name=\"_wpcf7_posted_data_hash\" value=\"\" \/>\n<\/fieldset>\n<p><label> First name<br \/>\n<span class=\"wpcf7-form-control-wrap\" data-name=\"first-name\"><input size=\"40\" maxlength=\"40\" class=\"wpcf7-form-control wpcf7-text wpcf7-validates-as-required\" autocomplete=\"given-name\" aria-required=\"true\" aria-invalid=\"false\" value=\"\" type=\"text\" name=\"first-name\" \/><\/span> <\/label>\n<\/p>\n<p><label> Last name<br \/>\n<span class=\"wpcf7-form-control-wrap\" data-name=\"last-name\"><input size=\"40\" maxlength=\"40\" class=\"wpcf7-form-control wpcf7-text wpcf7-validates-as-required\" autocomplete=\"family-name\" aria-required=\"true\" aria-invalid=\"false\" value=\"\" type=\"text\" name=\"last-name\" \/><\/span> <\/label>\n<\/p>\n<p><label> Company<br \/>\n<span class=\"wpcf7-form-control-wrap\" data-name=\"company\"><input size=\"40\" maxlength=\"80\" class=\"wpcf7-form-control wpcf7-text wpcf7-validates-as-required\" autocomplete=\"organization\" aria-required=\"true\" aria-invalid=\"false\" value=\"\" type=\"text\" name=\"company\" \/><\/span> <\/label>\n<\/p>\n<p><label> Position<br \/>\n<span class=\"wpcf7-form-control-wrap\" data-name=\"job-title\"><input size=\"40\" maxlength=\"80\" class=\"wpcf7-form-control wpcf7-text\" aria-invalid=\"false\" value=\"\" type=\"text\" name=\"job-title\" \/><\/span> <\/label>\n<\/p>\n<p><label> Email<br \/>\n<span class=\"wpcf7-form-control-wrap\" data-name=\"your-email\"><input size=\"40\" maxlength=\"400\" class=\"wpcf7-form-control wpcf7-email wpcf7-validates-as-required wpcf7-text wpcf7-validates-as-email\" autocomplete=\"email\" aria-required=\"true\" aria-invalid=\"false\" value=\"\" type=\"email\" name=\"your-email\" \/><\/span> <\/label>\n<\/p>\n<p><label> Repeat Email<br \/>\n<span class=\"wpcf7-form-control-wrap\" data-name=\"your-email-confirm\"><input size=\"40\" maxlength=\"400\" class=\"wpcf7-form-control wpcf7-email wpcf7-validates-as-required wpcf7-text wpcf7-validates-as-email\" autocomplete=\"email\" aria-required=\"true\" aria-invalid=\"false\" value=\"\" type=\"email\" name=\"your-email-confirm\" \/><\/span> <\/label>\n<\/p>\n<p><label> Phone number<br \/>\n<span class=\"wpcf7-form-control-wrap\" data-name=\"phone\"><input size=\"40\" maxlength=\"25\" class=\"wpcf7-form-control wpcf7-tel wpcf7-text wpcf7-validates-as-tel\" autocomplete=\"tel\" aria-invalid=\"false\" value=\"\" type=\"tel\" name=\"phone\" \/><\/span> <\/label>\n<\/p>\n<p><label> Your message<br \/>\n<span class=\"wpcf7-form-control-wrap\" data-name=\"your-message\"><textarea cols=\"40\" rows=\"10\" maxlength=\"2000\" minlength=\"20\" class=\"wpcf7-form-control wpcf7-textarea wpcf7-validates-as-required\" aria-required=\"true\" aria-invalid=\"false\" name=\"your-message\"><\/textarea><\/span> <\/label>\n<\/p>\n<p><span class=\"wpcf7-form-control-wrap\" data-name=\"acceptance-732\"><span class=\"wpcf7-form-control wpcf7-acceptance optional\"><span class=\"wpcf7-list-item\"><label><input type=\"checkbox\" name=\"acceptance-732\" value=\"1\" aria-invalid=\"false\" \/><span class=\"wpcf7-list-item-label\">I consent to my data being processed for the purpose of responding to the inquiry.<\/span><\/label><\/span><\/span><\/span>\n<\/p>\n<p><input class=\"wpcf7-form-control wpcf7-submit has-spinner\" type=\"submit\" value=\"Send\" \/>\n<\/p><div class=\"wpcf7-response-output\" aria-hidden=\"true\"><\/div>\n<input type=\"hidden\" name=\"trp-form-language\" value=\"en\"\/><\/form>\n<\/div>\n<\/div>\n<\/div>\n<\/div>","protected":false},"excerpt":{"rendered":"<p>Ihr direkter Draht zur operativen Exzellenz Ob Krisen-Szenario, Task-Force oder Interim Management \u2013 wir unterst\u00fctzen OEMs und Zulieferer mit \u00fcber 20 Jahren Branchenerfahrung. Lassen Sie uns besprechen, wie wir Ihre Lieferf\u00e4higkeit und Prozessqualit\u00e4t sichern. Kontaktieren Sie uns gerne per E-Mail,\u00fcber das Kontaktformularoder rufen Sie uns direkt an. E-MAILinfo@onebase.de TELEFON+49 241 9160 7012<\/p>","protected":false},"author":1,"featured_media":0,"parent":0,"menu_order":0,"comment_status":"closed","ping_status":"closed","template":"","meta":{"footnotes":""},"class_list":["post-38","page","type-page","status-publish","hentry"],"yoast_head":"<!-- This site is optimized with the Yoast SEO plugin v27.3 - https:\/\/yoast.com\/product\/yoast-seo-wordpress\/ -->\n<title>Kontakt ONEBASE Automotive | Interim Management &amp; Optimierung<\/title>\n<meta name=\"description\" content=\"Vakanzen schlie\u00dfen &amp; Produktivit\u00e4t steigern. Kontaktieren Sie ONEBASE Automotive f\u00fcr Experten-Unterst\u00fctzung in Prozessoptimierung &amp; Interim Management.\" \/>\n<meta name=\"robots\" content=\"index, follow, max-snippet:-1, max-image-preview:large, max-video-preview:-1\" \/>\n<link rel=\"canonical\" href=\"https:\/\/onebase.de\/en\/kontakt\/\" \/>\n<meta property=\"og:locale\" content=\"en_US\" \/>\n<meta property=\"og:type\" content=\"article\" \/>\n<meta property=\"og:title\" content=\"Kontakt ONEBASE Automotive | Interim Management &amp; Optimierung\" \/>\n<meta property=\"og:description\" content=\"Vakanzen schlie\u00dfen &amp; Produktivit\u00e4t steigern. Kontaktieren Sie ONEBASE Automotive f\u00fcr Experten-Unterst\u00fctzung in Prozessoptimierung &amp; Interim Management.\" \/>\n<meta property=\"og:url\" content=\"https:\/\/onebase.de\/en\/kontakt\/\" \/>\n<meta property=\"article:modified_time\" content=\"2026-02-19T15:58:18+00:00\" \/>\n<meta name=\"twitter:card\" content=\"summary_large_image\" \/>\n<meta name=\"twitter:label1\" content=\"Est. reading time\" \/>\n\t<meta name=\"twitter:data1\" content=\"1 minute\" \/>\n<script type=\"application\/ld+json\" class=\"yoast-schema-graph\">{\"@context\":\"https:\\\/\\\/schema.org\",\"@graph\":[{\"@type\":\"WebPage\",\"@id\":\"https:\\\/\\\/onebase.de\\\/kontakt\\\/\",\"url\":\"https:\\\/\\\/onebase.de\\\/kontakt\\\/\",\"name\":\"Kontakt ONEBASE Automotive | Interim Management & Optimierung\",\"isPartOf\":{\"@id\":\"https:\\\/\\\/onebase.de\\\/#website\"},\"datePublished\":\"2026-01-19T13:10:37+00:00\",\"dateModified\":\"2026-02-19T15:58:18+00:00\",\"description\":\"Vakanzen schlie\u00dfen & Produktivit\u00e4t steigern. Kontaktieren Sie ONEBASE Automotive f\u00fcr Experten-Unterst\u00fctzung in Prozessoptimierung & Interim Management.\",\"breadcrumb\":{\"@id\":\"https:\\\/\\\/onebase.de\\\/kontakt\\\/#breadcrumb\"},\"inLanguage\":\"en-US\",\"potentialAction\":[{\"@type\":\"ReadAction\",\"target\":[\"https:\\\/\\\/onebase.de\\\/kontakt\\\/\"]}]},{\"@type\":\"BreadcrumbList\",\"@id\":\"https:\\\/\\\/onebase.de\\\/kontakt\\\/#breadcrumb\",\"itemListElement\":[{\"@type\":\"ListItem\",\"position\":1,\"name\":\"Start\",\"item\":\"https:\\\/\\\/onebase.de\\\/\"},{\"@type\":\"ListItem\",\"position\":2,\"name\":\"Kontakt\"}]},{\"@type\":\"WebSite\",\"@id\":\"https:\\\/\\\/onebase.de\\\/#website\",\"url\":\"https:\\\/\\\/onebase.de\\\/\",\"name\":\"Onebase\",\"description\":\"Produktionsoptimierung\",\"publisher\":{\"@id\":\"https:\\\/\\\/onebase.de\\\/#organization\"},\"potentialAction\":[{\"@type\":\"SearchAction\",\"target\":{\"@type\":\"EntryPoint\",\"urlTemplate\":\"https:\\\/\\\/onebase.de\\\/?s={search_term_string}\"},\"query-input\":{\"@type\":\"PropertyValueSpecification\",\"valueRequired\":true,\"valueName\":\"search_term_string\"}}],\"inLanguage\":\"en-US\"},{\"@type\":\"Organization\",\"@id\":\"https:\\\/\\\/onebase.de\\\/#organization\",\"name\":\"Onebase GmbH\",\"url\":\"https:\\\/\\\/onebase.de\\\/\",\"logo\":{\"@type\":\"ImageObject\",\"inLanguage\":\"en-US\",\"@id\":\"https:\\\/\\\/onebase.de\\\/#\\\/schema\\\/logo\\\/image\\\/\",\"url\":\"http:\\\/\\\/onebase.de\\\/wp-content\\\/uploads\\\/2026\\\/01\\\/Onebase-e1768828419995.png\",\"contentUrl\":\"http:\\\/\\\/onebase.de\\\/wp-content\\\/uploads\\\/2026\\\/01\\\/Onebase-e1768828419995.png\",\"width\":500,\"height\":121,\"caption\":\"Onebase GmbH\"},\"image\":{\"@id\":\"https:\\\/\\\/onebase.de\\\/#\\\/schema\\\/logo\\\/image\\\/\"}}]}<\/script>\n<!-- \/ Yoast SEO plugin. -->","yoast_head_json":{"title":"Kontakt ONEBASE Automotive | Interim Management & Optimierung","description":"Vakanzen schlie\u00dfen & Produktivit\u00e4t steigern. Kontaktieren Sie ONEBASE Automotive f\u00fcr Experten-Unterst\u00fctzung in Prozessoptimierung & Interim Management.","robots":{"index":"index","follow":"follow","max-snippet":"max-snippet:-1","max-image-preview":"max-image-preview:large","max-video-preview":"max-video-preview:-1"},"canonical":"https:\/\/onebase.de\/en\/kontakt\/","og_locale":"en_US","og_type":"article","og_title":"Kontakt ONEBASE Automotive | Interim Management & Optimierung","og_description":"Vakanzen schlie\u00dfen & Produktivit\u00e4t steigern. Kontaktieren Sie ONEBASE Automotive f\u00fcr Experten-Unterst\u00fctzung in Prozessoptimierung & Interim Management.","og_url":"https:\/\/onebase.de\/en\/kontakt\/","article_modified_time":"2026-02-19T15:58:18+00:00","twitter_card":"summary_large_image","twitter_misc":{"Est. reading time":"1 minute"},"schema":{"@context":"https:\/\/schema.org","@graph":[{"@type":"WebPage","@id":"https:\/\/onebase.de\/kontakt\/","url":"https:\/\/onebase.de\/kontakt\/","name":"Kontakt ONEBASE Automotive | Interim Management & Optimierung","isPartOf":{"@id":"https:\/\/onebase.de\/#website"},"datePublished":"2026-01-19T13:10:37+00:00","dateModified":"2026-02-19T15:58:18+00:00","description":"Vakanzen schlie\u00dfen & Produktivit\u00e4t steigern. Kontaktieren Sie ONEBASE Automotive f\u00fcr Experten-Unterst\u00fctzung in Prozessoptimierung & Interim Management.","breadcrumb":{"@id":"https:\/\/onebase.de\/kontakt\/#breadcrumb"},"inLanguage":"en-US","potentialAction":[{"@type":"ReadAction","target":["https:\/\/onebase.de\/kontakt\/"]}]},{"@type":"BreadcrumbList","@id":"https:\/\/onebase.de\/kontakt\/#breadcrumb","itemListElement":[{"@type":"ListItem","position":1,"name":"Start","item":"https:\/\/onebase.de\/"},{"@type":"ListItem","position":2,"name":"Kontakt"}]},{"@type":"WebSite","@id":"https:\/\/onebase.de\/#website","url":"https:\/\/onebase.de\/","name":"Onebase","description":"Produktionsoptimierung","publisher":{"@id":"https:\/\/onebase.de\/#organization"},"potentialAction":[{"@type":"SearchAction","target":{"@type":"EntryPoint","urlTemplate":"https:\/\/onebase.de\/?s={search_term_string}"},"query-input":{"@type":"PropertyValueSpecification","valueRequired":true,"valueName":"search_term_string"}}],"inLanguage":"en-US"},{"@type":"Organization","@id":"https:\/\/onebase.de\/#organization","name":"Onebase GmbH","url":"https:\/\/onebase.de\/","logo":{"@type":"ImageObject","inLanguage":"en-US","@id":"https:\/\/onebase.de\/#\/schema\/logo\/image\/","url":"http:\/\/onebase.de\/wp-content\/uploads\/2026\/01\/Onebase-e1768828419995.png","contentUrl":"http:\/\/onebase.de\/wp-content\/uploads\/2026\/01\/Onebase-e1768828419995.png","width":500,"height":121,"caption":"Onebase GmbH"},"image":{"@id":"https:\/\/onebase.de\/#\/schema\/logo\/image\/"}}]}},"_links":{"self":[{"href":"https:\/\/onebase.de\/en\/wp-json\/wp\/v2\/pages\/38","targetHints":{"allow":["GET"]}}],"collection":[{"href":"https:\/\/onebase.de\/en\/wp-json\/wp\/v2\/pages"}],"about":[{"href":"https:\/\/onebase.de\/en\/wp-json\/wp\/v2\/types\/page"}],"author":[{"embeddable":true,"href":"https:\/\/onebase.de\/en\/wp-json\/wp\/v2\/users\/1"}],"replies":[{"embeddable":true,"href":"https:\/\/onebase.de\/en\/wp-json\/wp\/v2\/comments?post=38"}],"version-history":[{"count":5,"href":"https:\/\/onebase.de\/en\/wp-json\/wp\/v2\/pages\/38\/revisions"}],"predecessor-version":[{"id":199,"href":"https:\/\/onebase.de\/en\/wp-json\/wp\/v2\/pages\/38\/revisions\/199"}],"wp:attachment":[{"href":"https:\/\/onebase.de\/en\/wp-json\/wp\/v2\/media?parent=38"}],"curies":[{"name":"wp","href":"https:\/\/api.w.org\/{rel}","templated":true}]}}