{"id":5,"date":"2026-01-06T15:50:29","date_gmt":"2026-01-06T15:50:29","guid":{"rendered":"http:\/\/onebase.de\/welcome-to-http-onebase-de\/"},"modified":"2026-02-25T13:16:24","modified_gmt":"2026-02-25T13:16:24","slug":"automotive-prozessoptimierung-interim-management-onebase","status":"publish","type":"page","link":"https:\/\/onebase.de\/en\/","title":{"rendered":"ONEBASE"},"content":{"rendered":"<p><\/p>\n\n\n\n<p><\/p>","protected":false},"excerpt":{"rendered":"","protected":false},"author":1,"featured_media":174,"parent":0,"menu_order":0,"comment_status":"closed","ping_status":"open","template":"","meta":{"footnotes":""},"class_list":["post-5","page","type-page","status-publish","has-post-thumbnail","hentry"],"yoast_head":"<!-- This site is optimized with the Yoast SEO plugin v27.3 - https:\/\/yoast.com\/product\/yoast-seo-wordpress\/ -->\n<title>Automotive Interim Management &amp; Prozessoptimierung | ONEBASE<\/title>\n<meta name=\"description\" content=\"Vakanzen schlie\u00dfen &amp; Produktivit\u00e4t steigern: ONEBASE bietet Prozessoptimierung und Produktionsstabilisierung f\u00fcr die Automotive-Industrie. Seit \u00fcber 20 Jahren.\" \/>\n<meta name=\"robots\" content=\"index, follow, max-snippet:-1, max-image-preview:large, max-video-preview:-1\" \/>\n<link rel=\"canonical\" href=\"https:\/\/onebase.de\/en\/\" \/>\n<meta property=\"og:locale\" content=\"en_US\" \/>\n<meta property=\"og:type\" content=\"article\" \/>\n<meta property=\"og:title\" content=\"Automotive Interim Management &amp; Prozessoptimierung | ONEBASE\" \/>\n<meta property=\"og:description\" content=\"Vakanzen schlie\u00dfen &amp; Produktivit\u00e4t steigern: ONEBASE bietet Prozessoptimierung und Produktionsstabilisierung f\u00fcr die Automotive-Industrie. Seit \u00fcber 20 Jahren.\" \/>\n<meta property=\"og:url\" content=\"https:\/\/onebase.de\/en\/\" \/>\n<meta property=\"article:modified_time\" content=\"2026-02-25T13:16:24+00:00\" \/>\n<meta property=\"og:image\" content=\"https:\/\/onebase.de\/wp-content\/uploads\/2026\/01\/onebase-gmbh-.jpg\" \/>\n\t<meta property=\"og:image:width\" content=\"1920\" \/>\n\t<meta property=\"og:image:height\" content=\"1080\" \/>\n\t<meta property=\"og:image:type\" content=\"image\/jpeg\" \/>\n<meta name=\"twitter:card\" content=\"summary_large_image\" \/>\n<meta name=\"twitter:label1\" content=\"Est. reading time\" \/>\n\t<meta name=\"twitter:data1\" content=\"1 minute\" \/>\n<script type=\"application\/ld+json\" class=\"yoast-schema-graph\">{\"@context\":\"https:\\\/\\\/schema.org\",\"@graph\":[{\"@type\":\"WebPage\",\"@id\":\"https:\\\/\\\/onebase.de\\\/\",\"url\":\"https:\\\/\\\/onebase.de\\\/\",\"name\":\"Automotive Interim Management & Prozessoptimierung | ONEBASE\",\"isPartOf\":{\"@id\":\"https:\\\/\\\/onebase.de\\\/#website\"},\"primaryImageOfPage\":{\"@id\":\"https:\\\/\\\/onebase.de\\\/#primaryimage\"},\"image\":{\"@id\":\"https:\\\/\\\/onebase.de\\\/#primaryimage\"},\"thumbnailUrl\":\"https:\\\/\\\/onebase.de\\\/wp-content\\\/uploads\\\/2026\\\/01\\\/onebase-gmbh-.jpg\",\"datePublished\":\"2026-01-06T15:50:29+00:00\",\"dateModified\":\"2026-02-25T13:16:24+00:00\",\"description\":\"Vakanzen schlie\u00dfen & Produktivit\u00e4t steigern: ONEBASE bietet Prozessoptimierung und Produktionsstabilisierung f\u00fcr die Automotive-Industrie. Seit \u00fcber 20 Jahren.\",\"breadcrumb\":{\"@id\":\"https:\\\/\\\/onebase.de\\\/#breadcrumb\"},\"inLanguage\":\"en-US\",\"potentialAction\":[{\"@type\":\"ReadAction\",\"target\":[\"https:\\\/\\\/onebase.de\\\/\"]}]},{\"@type\":\"ImageObject\",\"inLanguage\":\"en-US\",\"@id\":\"https:\\\/\\\/onebase.de\\\/#primaryimage\",\"url\":\"https:\\\/\\\/onebase.de\\\/wp-content\\\/uploads\\\/2026\\\/01\\\/onebase-gmbh-.jpg\",\"contentUrl\":\"https:\\\/\\\/onebase.de\\\/wp-content\\\/uploads\\\/2026\\\/01\\\/onebase-gmbh-.jpg\",\"width\":1920,\"height\":1080,\"caption\":\"Pr\u00e4zisionsgefertigte Metallbauteile mit Gewinde in Serienanordnung\"},{\"@type\":\"BreadcrumbList\",\"@id\":\"https:\\\/\\\/onebase.de\\\/#breadcrumb\",\"itemListElement\":[{\"@type\":\"ListItem\",\"position\":1,\"name\":\"Start\",\"item\":\"https:\\\/\\\/onebase.de\\\/\"},{\"@type\":\"ListItem\",\"position\":2,\"name\":\"ONEBASE\"}]},{\"@type\":\"WebSite\",\"@id\":\"https:\\\/\\\/onebase.de\\\/#website\",\"url\":\"https:\\\/\\\/onebase.de\\\/\",\"name\":\"Onebase\",\"description\":\"Produktionsoptimierung\",\"publisher\":{\"@id\":\"https:\\\/\\\/onebase.de\\\/#organization\"},\"potentialAction\":[{\"@type\":\"SearchAction\",\"target\":{\"@type\":\"EntryPoint\",\"urlTemplate\":\"https:\\\/\\\/onebase.de\\\/?s={search_term_string}\"},\"query-input\":{\"@type\":\"PropertyValueSpecification\",\"valueRequired\":true,\"valueName\":\"search_term_string\"}}],\"inLanguage\":\"en-US\"},{\"@type\":\"Organization\",\"@id\":\"https:\\\/\\\/onebase.de\\\/#organization\",\"name\":\"Onebase GmbH\",\"url\":\"https:\\\/\\\/onebase.de\\\/\",\"logo\":{\"@type\":\"ImageObject\",\"inLanguage\":\"en-US\",\"@id\":\"https:\\\/\\\/onebase.de\\\/#\\\/schema\\\/logo\\\/image\\\/\",\"url\":\"http:\\\/\\\/onebase.de\\\/wp-content\\\/uploads\\\/2026\\\/01\\\/Onebase-e1768828419995.png\",\"contentUrl\":\"http:\\\/\\\/onebase.de\\\/wp-content\\\/uploads\\\/2026\\\/01\\\/Onebase-e1768828419995.png\",\"width\":500,\"height\":121,\"caption\":\"Onebase GmbH\"},\"image\":{\"@id\":\"https:\\\/\\\/onebase.de\\\/#\\\/schema\\\/logo\\\/image\\\/\"}}]}<\/script>\n<!-- \/ Yoast SEO plugin. -->","yoast_head_json":{"title":"Automotive Interim Management & Prozessoptimierung | ONEBASE","description":"Vakanzen schlie\u00dfen & Produktivit\u00e4t steigern: ONEBASE bietet Prozessoptimierung und Produktionsstabilisierung f\u00fcr die Automotive-Industrie. Seit \u00fcber 20 Jahren.","robots":{"index":"index","follow":"follow","max-snippet":"max-snippet:-1","max-image-preview":"max-image-preview:large","max-video-preview":"max-video-preview:-1"},"canonical":"https:\/\/onebase.de\/en\/","og_locale":"en_US","og_type":"article","og_title":"Automotive Interim Management & Prozessoptimierung | ONEBASE","og_description":"Vakanzen schlie\u00dfen & Produktivit\u00e4t steigern: ONEBASE bietet Prozessoptimierung und Produktionsstabilisierung f\u00fcr die Automotive-Industrie. Seit \u00fcber 20 Jahren.","og_url":"https:\/\/onebase.de\/en\/","article_modified_time":"2026-02-25T13:16:24+00:00","og_image":[{"width":1920,"height":1080,"url":"https:\/\/onebase.de\/wp-content\/uploads\/2026\/01\/onebase-gmbh-.jpg","type":"image\/jpeg"}],"twitter_card":"summary_large_image","twitter_misc":{"Est. reading time":"1 minute"},"schema":{"@context":"https:\/\/schema.org","@graph":[{"@type":"WebPage","@id":"https:\/\/onebase.de\/","url":"https:\/\/onebase.de\/","name":"Automotive Interim Management & Prozessoptimierung | ONEBASE","isPartOf":{"@id":"https:\/\/onebase.de\/#website"},"primaryImageOfPage":{"@id":"https:\/\/onebase.de\/#primaryimage"},"image":{"@id":"https:\/\/onebase.de\/#primaryimage"},"thumbnailUrl":"https:\/\/onebase.de\/wp-content\/uploads\/2026\/01\/onebase-gmbh-.jpg","datePublished":"2026-01-06T15:50:29+00:00","dateModified":"2026-02-25T13:16:24+00:00","description":"Vakanzen schlie\u00dfen & Produktivit\u00e4t steigern: ONEBASE bietet Prozessoptimierung und Produktionsstabilisierung f\u00fcr die Automotive-Industrie. Seit \u00fcber 20 Jahren.","breadcrumb":{"@id":"https:\/\/onebase.de\/#breadcrumb"},"inLanguage":"en-US","potentialAction":[{"@type":"ReadAction","target":["https:\/\/onebase.de\/"]}]},{"@type":"ImageObject","inLanguage":"en-US","@id":"https:\/\/onebase.de\/#primaryimage","url":"https:\/\/onebase.de\/wp-content\/uploads\/2026\/01\/onebase-gmbh-.jpg","contentUrl":"https:\/\/onebase.de\/wp-content\/uploads\/2026\/01\/onebase-gmbh-.jpg","width":1920,"height":1080,"caption":"Pr\u00e4zisionsgefertigte Metallbauteile mit Gewinde in Serienanordnung"},{"@type":"BreadcrumbList","@id":"https:\/\/onebase.de\/#breadcrumb","itemListElement":[{"@type":"ListItem","position":1,"name":"Start","item":"https:\/\/onebase.de\/"},{"@type":"ListItem","position":2,"name":"ONEBASE"}]},{"@type":"WebSite","@id":"https:\/\/onebase.de\/#website","url":"https:\/\/onebase.de\/","name":"Onebase","description":"Produktionsoptimierung","publisher":{"@id":"https:\/\/onebase.de\/#organization"},"potentialAction":[{"@type":"SearchAction","target":{"@type":"EntryPoint","urlTemplate":"https:\/\/onebase.de\/?s={search_term_string}"},"query-input":{"@type":"PropertyValueSpecification","valueRequired":true,"valueName":"search_term_string"}}],"inLanguage":"en-US"},{"@type":"Organization","@id":"https:\/\/onebase.de\/#organization","name":"Onebase GmbH","url":"https:\/\/onebase.de\/","logo":{"@type":"ImageObject","inLanguage":"en-US","@id":"https:\/\/onebase.de\/#\/schema\/logo\/image\/","url":"http:\/\/onebase.de\/wp-content\/uploads\/2026\/01\/Onebase-e1768828419995.png","contentUrl":"http:\/\/onebase.de\/wp-content\/uploads\/2026\/01\/Onebase-e1768828419995.png","width":500,"height":121,"caption":"Onebase GmbH"},"image":{"@id":"https:\/\/onebase.de\/#\/schema\/logo\/image\/"}}]}},"_links":{"self":[{"href":"https:\/\/onebase.de\/en\/wp-json\/wp\/v2\/pages\/5","targetHints":{"allow":["GET"]}}],"collection":[{"href":"https:\/\/onebase.de\/en\/wp-json\/wp\/v2\/pages"}],"about":[{"href":"https:\/\/onebase.de\/en\/wp-json\/wp\/v2\/types\/page"}],"author":[{"embeddable":true,"href":"https:\/\/onebase.de\/en\/wp-json\/wp\/v2\/users\/1"}],"replies":[{"embeddable":true,"href":"https:\/\/onebase.de\/en\/wp-json\/wp\/v2\/comments?post=5"}],"version-history":[{"count":4,"href":"https:\/\/onebase.de\/en\/wp-json\/wp\/v2\/pages\/5\/revisions"}],"predecessor-version":[{"id":57,"href":"https:\/\/onebase.de\/en\/wp-json\/wp\/v2\/pages\/5\/revisions\/57"}],"wp:featuredmedia":[{"embeddable":true,"href":"https:\/\/onebase.de\/en\/wp-json\/wp\/v2\/media\/174"}],"wp:attachment":[{"href":"https:\/\/onebase.de\/en\/wp-json\/wp\/v2\/media?parent=5"}],"curies":[{"name":"wp","href":"https:\/\/api.w.org\/{rel}","templated":true}]}}